{"id":83,"date":"2012-04-15T20:43:14","date_gmt":"2012-04-15T20:43:14","guid":{"rendered":"http:\/\/www.mobast.org\/attivisti\/?page_id=83"},"modified":"2015-02-20T16:59:58","modified_gmt":"2015-02-20T14:59:58","slug":"chi-siamo","status":"publish","type":"page","link":"https:\/\/temp.darioarcari.it\/?page_id=83","title":{"rendered":"Chi siamo"},"content":{"rendered":"<p style=\"text-align: justify;\">Il 21 marzo 2012 i fondatori storici e altri volontari autofinanziandosi hanno costituito l&#8217;associazione culturale e di promozione sociale &#8220;MO&#8217; BAST!&#8221; nell&#8217;intento di rafforzare la gi\u00e0 enorme visibilit\u00e0 della ns. lotta.\u00a0Un rafforzamento necessario per dare un taglio netto ad un passato vissuto in un totale stato di silenzio\/assenso.<\/p>\n<p style=\"text-align: justify;\"><strong>Con la ns. ufficialit\u00e0 avremo un peso diverso e un&#8217;incisivit\u00e0 pi\u00f9 marcata nelle relazioni istituzionali.<\/strong><\/p>\n<p style=\"text-align: justify;\">Naturalmente \u00e8 un&#8217;associazione libera ed aperta democraticamente a chiunque ne voglia condividere gli scopi che sono stati individuati in termini di giustizia sociale e di contrasto alle discriminazioni in generale.<\/p>\n<table style=\"height: 328px;\" border=\"0\" width=\"475\" cellspacing=\"1\" cellpadding=\"1\">\n<caption>\u00a0<\/caption>\n<tbody>\n<tr>\n<td colspan=\"1\">Mario De Crescenzio<\/td>\n<td colspan=\"1\">Presidente<\/td>\n<td colspan=\"1\">presidente@mobast.org<\/td>\n<td colspan=\"1\">3934406655<\/td>\n<\/tr>\n<tr>\n<td>Gabriella Gambardella<\/td>\n<td>Vice Presidente<\/td>\n<td>direttivo@mobast.org<\/td>\n<td>3292626987<\/td>\n<\/tr>\n<tr>\n<td>Patrizia Lonz<\/td>\n<td>Segretario<\/td>\n<td>direttivo@mobast.org<\/td>\n<td>3497475086<\/td>\n<\/tr>\n<tr>\n<td>Roberto Barbarino<\/td>\n<td>Esperto<\/td>\n<td>direttivo@mobast.org<\/td>\n<td>3355396975<\/td>\n<\/tr>\n<tr>\n<td>Raimondo Paone<\/td>\n<td><\/td>\n<td>direttivo@mobast.org<\/td>\n<td>3382500771<\/td>\n<\/tr>\n<tr>\n<td>Giovanni D&#8217;Urso<\/td>\n<td>Esperto<\/td>\n<td>direttivo@mobast.org<\/td>\n<td>3294019971<\/td>\n<\/tr>\n<tr>\n<td>Carmine Mallardo<\/td>\n<td>Logistica gazebo<\/td>\n<td>direttivo@mobast.org<\/td>\n<td>3939745929<\/td>\n<\/tr>\n<tr>\n<td>Francesco Maggi<\/td>\n<td>Logistica gazebo<\/td>\n<td>direttivo@mobast.org<\/td>\n<td>3331990611<\/td>\n<\/tr>\n<tr>\n<td>Dario Attardi<\/td>\n<td>Moderatore<\/td>\n<td>direttivo@mobast.org<\/td>\n<td>3384591788<\/td>\n<\/tr>\n<\/tbody>\n<\/table>\n","protected":false},"excerpt":{"rendered":"<p>Il 21 marzo 2012 i fondatori storici e altri volontari autofinanziandosi hanno costituito l&#8217;associazione culturale e di promozione sociale &#8220;MO&#8217; BAST!&#8221; nell&#8217;intento di rafforzare la gi\u00e0 enorme visibilit\u00e0 della ns. lotta.\u00a0Un rafforzamento necessario per dare un taglio netto ad un <a class=\"more-link\" href=\"https:\/\/temp.darioarcari.it\/?page_id=83\">Leggi tutto <span class=\"screen-reader-text\">  Chi siamo<\/span><span class=\"meta-nav\">&rarr;<\/span><\/a><\/p>\n","protected":false},"author":1,"featured_media":1829,"parent":0,"menu_order":0,"comment_status":"closed","ping_status":"closed","template":"","meta":{"footnotes":""},"class_list":["post-83","page","type-page","status-publish","has-post-thumbnail","hentry"],"_links":{"self":[{"href":"https:\/\/temp.darioarcari.it\/index.php?rest_route=\/wp\/v2\/pages\/83","targetHints":{"allow":["GET"]}}],"collection":[{"href":"https:\/\/temp.darioarcari.it\/index.php?rest_route=\/wp\/v2\/pages"}],"about":[{"href":"https:\/\/temp.darioarcari.it\/index.php?rest_route=\/wp\/v2\/types\/page"}],"author":[{"embeddable":true,"href":"https:\/\/temp.darioarcari.it\/index.php?rest_route=\/wp\/v2\/users\/1"}],"replies":[{"embeddable":true,"href":"https:\/\/temp.darioarcari.it\/index.php?rest_route=%2Fwp%2Fv2%2Fcomments&post=83"}],"version-history":[{"count":0,"href":"https:\/\/temp.darioarcari.it\/index.php?rest_route=\/wp\/v2\/pages\/83\/revisions"}],"wp:featuredmedia":[{"embeddable":true,"href":"https:\/\/temp.darioarcari.it\/index.php?rest_route=\/wp\/v2\/media\/1829"}],"wp:attachment":[{"href":"https:\/\/temp.darioarcari.it\/index.php?rest_route=%2Fwp%2Fv2%2Fmedia&parent=83"}],"curies":[{"name":"wp","href":"https:\/\/api.w.org\/{rel}","templated":true}]}}